{"id":240,"date":"2025-12-23T16:17:59","date_gmt":"2025-12-23T13:17:59","guid":{"rendered":"https:\/\/legal.castervibe.com\/?page_id=240"},"modified":"2025-12-24T01:15:43","modified_gmt":"2025-12-23T22:15:43","slug":"castervibe-comu-destekleyen-tarayicilar-hakkinda-2","status":"publish","type":"page","link":"https:\/\/legal.castervibe.com\/index.php\/castervibe-comu-destekleyen-tarayicilar-hakkinda-2\/","title":{"rendered":"CasterVibe.com&#8217;u destekleyen taray\u0131c\u0131lar hakk\u0131nda"},"content":{"rendered":"\t\t<div data-elementor-type=\"wp-page\" data-elementor-id=\"240\" class=\"elementor elementor-240\" data-elementor-post-type=\"page\">\n\t\t\t\t<div class=\"wd-negative-gap elementor-element elementor-element-39eb625 e-flex e-con-boxed e-con e-parent\" data-id=\"39eb625\" data-element_type=\"container\">\n\t\t\t\t\t<div class=\"e-con-inner\">\n\t\t\t\t<div class=\"elementor-element elementor-element-9669bce elementor-widget-divider--view-line elementor-widget elementor-widget-divider\" data-id=\"9669bce\" data-element_type=\"widget\" data-widget_type=\"divider.default\">\n\t\t\t\t\t\t\t<div class=\"elementor-divider\">\n\t\t\t<span class=\"elementor-divider-separator\">\n\t\t\t\t\t\t<\/span>\n\t\t<\/div>\n\t\t\t\t\t\t<\/div>\n\t\t\t\t\t<\/div>\n\t\t\t\t<\/div>\n\t\t<div class=\"wd-negative-gap elementor-element elementor-element-ed1bc8c e-flex e-con-boxed e-con e-parent\" data-id=\"ed1bc8c\" data-element_type=\"container\">\n\t\t\t\t\t<div class=\"e-con-inner\">\n\t\t\t\t<div class=\"elementor-element elementor-element-d11de04 color-scheme-inherit text-left elementor-widget elementor-widget-text-editor\" data-id=\"d11de04\" data-element_type=\"widget\" data-widget_type=\"text-editor.default\">\n\t\t\t\t\t\t\t\t\t<p>A\u015fa\u011f\u0131daki taray\u0131c\u0131lar\u0131n ge\u00e7en y\u0131la ait s\u00fcr\u00fcmlerini CasterVibe.com \u00fczerinde resmi olarak destekliyoruz:<\/p>\n<ul>\n<li>Edge (<a href=\"https:\/\/microsoft.com\/edge\" target=\"_blank\" rel=\"nofollow noopener noreferrer\">https:\/\/microsoft.com\/edge<\/a>)<\/li>\n<li>Safari (<a href=\"https:\/\/www.apple.com\/safari\" target=\"_blank\" rel=\"nofollow noopener noreferrer\">https:\/\/www.apple.com\/safari<\/a>)<\/li>\n<li>Chrome (<a href=\"https:\/\/www.google.com\/chrome\" target=\"_blank\" rel=\"nofollow noopener noreferrer\">https:\/\/www.google.com\/chrome<\/a>)<\/li>\n<li>Firefox (<a href=\"https:\/\/www.mozilla.org\/firefox\" target=\"_blank\" rel=\"nofollow noopener noreferrer\">https:\/\/www.mozilla.org\/firefox<\/a>)<\/li>\n<li>Webkit \/ Chromium motorlar\u0131n\u0131 temel alan t\u00fcm taray\u0131c\u0131lar (Opera, Samsung Internet, UCBrowser vb.)&nbsp;<\/li>\n<\/ul>\n<p><span style=\"font-family: Roboto, sans-serif; font-size: 19px; font-style: normal; font-variant-ligatures: normal; font-variant-caps: normal; font-weight: 400;\">CasterVibe<\/span>&#8216;\u0131 yukar\u0131daki taray\u0131c\u0131lar\u0131n eski s\u00fcr\u00fcmlerinde, listelenmeyen taray\u0131c\u0131larda veya kullan\u0131c\u0131 arac\u0131n\u0131z\u0131 de\u011fi\u015ftiren bir taray\u0131c\u0131 uzant\u0131s\u0131nda kullan\u0131rsan\u0131z&nbsp;<span style=\"font-family: Roboto, sans-serif; font-size: 19px; font-style: normal; font-variant-ligatures: normal; font-variant-caps: normal; font-weight: 400;\">CasterVibe<\/span>&#8216;\u0131 d\u00fczg\u00fcn \u015fekilde g\u00f6r\u00fcnt\u00fcleyemeyebilirsiniz. En yeni \u00f6zellikler ve g\u00fcvenlik g\u00fcncellemeleri de dahil olmak \u00fczere m\u00fcmk\u00fcn olan en iyi&nbsp;<span style=\"font-family: Roboto, sans-serif; font-size: 19px; font-style: normal; font-variant-ligatures: normal; font-variant-caps: normal; font-weight: 400;\">CasterVibe<\/span>&nbsp;deneyiminden yararlanmak i\u00e7in l\u00fctfen taray\u0131c\u0131n\u0131z\u0131n ve i\u015fletim sisteminizin g\u00fcncel oldu\u011fundan emin olun.<\/p>\n<p>Uyumlu taray\u0131c\u0131lar\u0131n \u00e7o\u011fu i\u015fletim sisteminde mevcut oldu\u011funu l\u00fctfen unutmay\u0131n:<\/p>\n<ul>\n<li>Windows 10 &#8211; Edge<\/li>\n<li>Android &#8211; Chrome<\/li>\n<li>MacOS \/ iOS &#8211; Safari<\/li>\n<\/ul>\t\t\t\t\t\t\t\t<\/div>\n\t\t\t\t\t<\/div>\n\t\t\t\t<\/div>\n\t\t<div class=\"wd-negative-gap elementor-element elementor-element-3162f0f e-flex e-con-boxed e-con e-parent\" data-id=\"3162f0f\" data-element_type=\"container\">\n\t\t\t\t\t<div class=\"e-con-inner\">\n\t\t\t\t<div class=\"elementor-element elementor-element-99215cd elementor-widget-divider--view-line elementor-widget elementor-widget-divider\" data-id=\"99215cd\" data-element_type=\"widget\" data-widget_type=\"divider.default\">\n\t\t\t\t\t\t\t<div class=\"elementor-divider\">\n\t\t\t<span class=\"elementor-divider-separator\">\n\t\t\t\t\t\t<\/span>\n\t\t<\/div>\n\t\t\t\t\t\t<\/div>\n\t\t\t\t\t<\/div>\n\t\t\t\t<\/div>\n\t\t<div class=\"wd-negative-gap elementor-element elementor-element-5912bba e-flex e-con-boxed e-con e-parent\" data-id=\"5912bba\" data-element_type=\"container\">\n\t\t\t\t\t<div class=\"e-con-inner\">\n\t\t\t\t<div class=\"elementor-element elementor-element-254da5f elementor-widget elementor-widget-wd_button\" data-id=\"254da5f\" data-element_type=\"widget\" data-widget_type=\"wd_button.default\">\n\t\t\t\t<div class=\"elementor-widget-container\">\n\t\t\t\t\t\t\t<div class=\"wd-button-wrapper text-left\" >\n\t\t\t<a class=\"btn btn-style-default btn-shape-rectangle btn-size-default btn-icon-pos-left\"  href=\"https:\/\/castervibe.com\/share\/?text=\ud83d\udccc%20CasterVibe%20Help%20Center&#038;url=https%3A%2F%2Flegal.castervibe.com%2Findex.php%2Fcastervibe-comu-destekleyen-tarayicilar-hakkinda-2%2F\">\n\t\t\t\t<span class=\"wd-btn-text\" data-elementor-setting-key=\"text\">\n\t\t\t\t\tRead more\t\t\t\t<\/span>\n\n\t\t\t\t\t\t\t\t\t<span class=\"wd-btn-icon\">\n\t\t\t\t\t\t<img decoding=\"async\"  src=\"https:\/\/legal.castervibe.com\/wp-content\/uploads\/2025\/12\/CVIBE_vectorized.svg\" title=\"CVIBE_\" loading=\"lazy\" width=\"32\" height=\"32\">\t\t\t\t\t<\/span>\n\t\t\t\t\t\t\t<\/a>\n\t\t<\/div>\n\t\t\t\t\t\t<\/div>\n\t\t\t\t<\/div>\n\t\t\t\t\t<\/div>\n\t\t\t\t<\/div>\n\t\t<div class=\"wd-negative-gap elementor-element elementor-element-9d9dbd0 e-flex e-con-boxed e-con e-parent\" data-id=\"9d9dbd0\" data-element_type=\"container\">\n\t\t\t\t\t<div class=\"e-con-inner\">\n\t\t\t\t<div class=\"elementor-element elementor-element-b9bdb44 elementor-widget elementor-widget-shortcode\" data-id=\"b9bdb44\" data-element_type=\"widget\" data-widget_type=\"shortcode.default\">\n\t\t\t\t\t\t\t<div class=\"elementor-shortcode\"><div class=\"cv-share-wrap\">\n    <a class=\"cv-share-btn\" href=\"https:\/\/castervibe.com\/share?text=%F0%9F%93%8C%20CasterVibe.com%E2%80%99u%20destekleyen%20taray%C4%B1c%C4%B1lar%20hakk%C4%B1nda&#038;url=https%3A%2F%2Flegal.castervibe.com%2Findex.php%2Fcastervibe-comu-destekleyen-tarayicilar-hakkinda-2%2F\" target=\"_blank\" rel=\"noopener\">\n      CasterVibe\u2019ta Payla\u015f\n    <\/a>\n  <\/div>\n<\/div>\n\t\t\t\t\t\t<\/div>\n\t\t\t\t\t<\/div>\n\t\t\t\t<\/div>\n\t\t\t\t<\/div>\n\t\t","protected":false},"excerpt":{"rendered":"<p>A\u015fa\u011f\u0131daki taray\u0131c\u0131lar\u0131n ge\u00e7en y\u0131la ait s\u00fcr\u00fcmlerini CasterVibe.com \u00fczerinde resmi olarak destekliyoruz: Edge (https:\/\/microsoft.com\/edge) Safari (https:\/\/www.apple.com\/safari) Chrome (https:\/\/www.google.com\/chrome) Firefox (https:\/\/www.mozilla.org\/firefox) Webkit<\/p>\n","protected":false},"author":1,"featured_media":0,"parent":0,"menu_order":0,"comment_status":"closed","ping_status":"closed","template":"","meta":{"footnotes":""},"class_list":["post-240","page","type-page","status-publish","hentry"],"_links":{"self":[{"href":"https:\/\/legal.castervibe.com\/index.php\/wp-json\/wp\/v2\/pages\/240","targetHints":{"allow":["GET"]}}],"collection":[{"href":"https:\/\/legal.castervibe.com\/index.php\/wp-json\/wp\/v2\/pages"}],"about":[{"href":"https:\/\/legal.castervibe.com\/index.php\/wp-json\/wp\/v2\/types\/page"}],"author":[{"embeddable":true,"href":"https:\/\/legal.castervibe.com\/index.php\/wp-json\/wp\/v2\/users\/1"}],"replies":[{"embeddable":true,"href":"https:\/\/legal.castervibe.com\/index.php\/wp-json\/wp\/v2\/comments?post=240"}],"version-history":[{"count":22,"href":"https:\/\/legal.castervibe.com\/index.php\/wp-json\/wp\/v2\/pages\/240\/revisions"}],"predecessor-version":[{"id":271,"href":"https:\/\/legal.castervibe.com\/index.php\/wp-json\/wp\/v2\/pages\/240\/revisions\/271"}],"wp:attachment":[{"href":"https:\/\/legal.castervibe.com\/index.php\/wp-json\/wp\/v2\/media?parent=240"}],"curies":[{"name":"wp","href":"https:\/\/api.w.org\/{rel}","templated":true}]}}